{"id":1488,"date":"2020-12-11T13:33:51","date_gmt":"2020-12-11T12:33:51","guid":{"rendered":"http:\/\/sbud.eu\/?page_id=1488"},"modified":"2020-12-12T20:42:13","modified_gmt":"2020-12-12T19:42:13","slug":"tarasy-z-deski-kompozytowej-i-plyt-kamiennych","status":"publish","type":"page","link":"http:\/\/sbud.eu\/index.php\/uslugi\/tarasy-z-deski-kompozytowej-i-plyt-kamiennych\/","title":{"rendered":"Tarasy z deski kompozytowej i p\u0142yt kamiennych"},"content":{"rendered":"<div class=\"wpb-content-wrapper\">[vc_row row_type=&#8221;row&#8221; use_row_as_full_screen_section=&#8221;no&#8221; type=&#8221;grid&#8221; text_align=&#8221;left&#8221; background_animation=&#8221;none&#8221; css_animation=&#8221;&#8221; css=&#8221;.vc_custom_1607692040847{padding-top: 50px !important;padding-bottom: 50px !important;}&#8221;][vc_column][vc_column_text]<span style=\"color: #000000;\"><span style=\"font-family: Verdana, serif;\"><span style=\"font-size: xx-large;\">WSPORNIKI REGULOWANE<\/span><\/span><\/span><\/p>\n<p><span style=\"color: #000000;\"><span style=\"font-family: Verdana, serif;\"><span style=\"font-size: medium;\">Wsporniki regulowane to innowacyjny system poziomowania taras\u00f3w. Wsporniki to naj\u0142atwiejszy spos\u00f3b do wyr\u00f3wnania uskok\u00f3w pod\u0142o\u017ca. Zakres regulacji wspornik\u00f3w regulowanych to od 25 mm do 260 mm. Dodatkowo nasze wsporniki regulowane dost\u0119pne s\u0105 pod konstrukcje aluminiowe jak r\u00f3wnie\u017c s\u0105 podpor\u0105 dla taras\u00f3w z p\u0142yty ceramicznej.\u00a0<\/span><\/span><\/span><\/p>\n<p><span style=\"color: #000000;\"><span style=\"font-family: Verdana, serif;\"><span style=\"font-size: medium;\">Wspornik to podstawa ka\u017cdego tarasu wentylowanego. Przestrze\u0144 od pod\u0142o\u017c\u0105 pozwala na swobodn\u0105 cyrkulacje powietrza. Dzi\u0119ki spadkowi, kt\u00f3ry mo\u017cemy r\u00f3wnie\u017c uzyska\u0107, nie wyst\u0119puje zatrzymanie wody na powierzchni.<\/span><\/span><\/span><\/p>\n<p><span style=\"color: #000000;\">\u00a0<\/span><\/p>\n<p><span style=\"color: #000000;\"><span style=\"font-family: Verdana, serif;\"><span style=\"font-size: x-large;\">WSPORNIK NIEREGULOWANY<\/span><\/span><\/span><\/p>\n<p><span style=\"color: #000000;\"><span style=\"font-family: Verdana, serif;\"><span style=\"font-size: medium;\">Najni\u017cszy w zakresie regulacji poziomu wspornik nieregulowany 8mm s\u0142u\u017cy do podparcia taras\u00f3w z p\u0142yty ceramicznej, betonowej lub kamiennej.<\/span><\/span><\/span>[\/vc_column_text][vc_row_inner row_type=&#8221;row&#8221; type=&#8221;full_width&#8221; use_row_as_full_screen_section_slide=&#8221;no&#8221; text_align=&#8221;left&#8221; css_animation=&#8221;&#8221; css=&#8221;.vc_custom_1607690530017{padding-top: 50px !important;padding-bottom: 50px !important;}&#8221;][vc_column_inner][vc_column_text css=&#8221;.vc_custom_1607690965754{padding-top: 50px !important;padding-bottom: 50px !important;}&#8221;]\n<h3 style=\"text-align: center;\"><span style=\"color: #000000;\">Kratownica na wspornikach<\/span><\/h3>\n[\/vc_column_text][vc_gallery type=&#8221;image_grid&#8221; images=&#8221;1514,1515,1516&#8243; img_size=&#8221;full&#8221; column_number=&#8221;3&#8243; grayscale=&#8221;no&#8221; space_between_images=&#8221;yes&#8221;][\/vc_column_inner][\/vc_row_inner][vc_row_inner row_type=&#8221;row&#8221; type=&#8221;full_width&#8221; use_row_as_full_screen_section_slide=&#8221;no&#8221; text_align=&#8221;left&#8221; css_animation=&#8221;&#8221; css=&#8221;.vc_custom_1607690530017{padding-top: 50px !important;padding-bottom: 50px !important;}&#8221;][vc_column_inner][vc_column_text css=&#8221;.vc_custom_1607691414818{padding-top: 50px !important;padding-bottom: 50px !important;}&#8221;]\n<h3 style=\"text-align: center;\"><span style=\"color: #000000;\">Legary na systemie podk\u0142adek niskich<\/span><\/h3>\n[\/vc_column_text][vc_gallery type=&#8221;image_grid&#8221; images=&#8221;1512,1513&#8243; img_size=&#8221;full&#8221; column_number=&#8221;2&#8243; grayscale=&#8221;no&#8221; space_between_images=&#8221;yes&#8221;][\/vc_column_inner][\/vc_row_inner][vc_row_inner row_type=&#8221;row&#8221; type=&#8221;full_width&#8221; use_row_as_full_screen_section_slide=&#8221;no&#8221; text_align=&#8221;left&#8221; css_animation=&#8221;&#8221; css=&#8221;.vc_custom_1607690530017{padding-top: 50px !important;padding-bottom: 50px !important;}&#8221;][vc_column_inner][vc_column_text css=&#8221;.vc_custom_1607691573242{padding-top: 50px !important;padding-bottom: 50px !important;}&#8221;]\n<h3 style=\"text-align: center;\"><span style=\"color: #000000;\">P\u0142yta na wspornikach<\/span><\/h3>\n[\/vc_column_text][vc_gallery type=&#8221;image_grid&#8221; images=&#8221;1496,1497,1499,1500,1501,1502,1503,1498&#8243; img_size=&#8221;full&#8221; column_number=&#8221;3&#8243; grayscale=&#8221;no&#8221; space_between_images=&#8221;yes&#8221;][\/vc_column_inner][\/vc_row_inner][\/vc_column][\/vc_row]\n<\/div>","protected":false},"excerpt":{"rendered":"<p>[vc_row row_type=&#8221;row&#8221; use_row_as_full_screen_section=&#8221;no&#8221; type=&#8221;grid&#8221; text_align=&#8221;left&#8221; background_animation=&#8221;none&#8221; css_animation=&#8221;&#8221; css=&#8221;.vc_custom_1607692040847{padding-top: 50px !important;padding-bottom: 50px !important;}&#8221;][vc_column][vc_column_text]WSPORNIKI REGULOWANE Wsporniki regulowane to innowacyjny system poziomowania taras\u00f3w. Wsporniki to naj\u0142atwiejszy spos\u00f3b do wyr\u00f3wnania uskok\u00f3w pod\u0142o\u017ca. Zakres regulacji wspornik\u00f3w regulowanych to od 25 mm do 260 mm. Dodatkowo nasze wsporniki regulowane dost\u0119pne s\u0105&#8230;<\/p>\n","protected":false},"author":1,"featured_media":0,"parent":57,"menu_order":0,"comment_status":"closed","ping_status":"closed","template":"full_width.php","meta":{"_exactmetrics_skip_tracking":false,"_exactmetrics_sitenote_active":false,"_exactmetrics_sitenote_note":"","_exactmetrics_sitenote_category":0,"jetpack_post_was_ever_published":false,"footnotes":""},"yoast_head":"<!-- This site is optimized with the Yoast SEO plugin v23.5 - https:\/\/yoast.com\/wordpress\/plugins\/seo\/ -->\n<title>Tarasy z deski kompozytowej i p\u0142yt kamiennych - S-BUD - Pozna\u0144<\/title>\n<meta name=\"robots\" content=\"index, follow, max-snippet:-1, max-image-preview:large, max-video-preview:-1\" \/>\n<link rel=\"canonical\" href=\"http:\/\/sbud.eu\/index.php\/uslugi\/tarasy-z-deski-kompozytowej-i-plyt-kamiennych\/\" \/>\n<meta property=\"og:locale\" content=\"pl_PL\" \/>\n<meta property=\"og:type\" content=\"article\" \/>\n<meta property=\"og:title\" content=\"Tarasy z deski kompozytowej i p\u0142yt kamiennych - S-BUD - Pozna\u0144\" \/>\n<meta property=\"og:description\" content=\"[vc_row row_type=&#8221;row&#8221; use_row_as_full_screen_section=&#8221;no&#8221; type=&#8221;grid&#8221; text_align=&#8221;left&#8221; background_animation=&#8221;none&#8221; css_animation=&#8221;&#8221; css=&#8221;.vc_custom_1607692040847{padding-top: 50px !important;padding-bottom: 50px !important;}&#8221;][vc_column][vc_column_text]WSPORNIKI REGULOWANE Wsporniki regulowane to innowacyjny system poziomowania taras\u00f3w. Wsporniki to naj\u0142atwiejszy spos\u00f3b do wyr\u00f3wnania uskok\u00f3w pod\u0142o\u017ca. Zakres regulacji wspornik\u00f3w regulowanych to od 25 mm do 260 mm. Dodatkowo nasze wsporniki regulowane dost\u0119pne s\u0105...\" \/>\n<meta property=\"og:url\" content=\"http:\/\/sbud.eu\/index.php\/uslugi\/tarasy-z-deski-kompozytowej-i-plyt-kamiennych\/\" \/>\n<meta property=\"og:site_name\" content=\"S-BUD - Pozna\u0144\" \/>\n<meta property=\"article:modified_time\" content=\"2020-12-12T19:42:13+00:00\" \/>\n<meta name=\"twitter:card\" content=\"summary_large_image\" \/>\n<meta name=\"twitter:label1\" content=\"Szacowany czas czytania\" \/>\n\t<meta name=\"twitter:data1\" content=\"2 minuty\" \/>\n<script type=\"application\/ld+json\" class=\"yoast-schema-graph\">{\"@context\":\"https:\/\/schema.org\",\"@graph\":[{\"@type\":\"WebPage\",\"@id\":\"http:\/\/sbud.eu\/index.php\/uslugi\/tarasy-z-deski-kompozytowej-i-plyt-kamiennych\/\",\"url\":\"http:\/\/sbud.eu\/index.php\/uslugi\/tarasy-z-deski-kompozytowej-i-plyt-kamiennych\/\",\"name\":\"Tarasy z deski kompozytowej i p\u0142yt kamiennych - S-BUD - Pozna\u0144\",\"isPartOf\":{\"@id\":\"http:\/\/sbud.eu\/#website\"},\"datePublished\":\"2020-12-11T12:33:51+00:00\",\"dateModified\":\"2020-12-12T19:42:13+00:00\",\"breadcrumb\":{\"@id\":\"http:\/\/sbud.eu\/index.php\/uslugi\/tarasy-z-deski-kompozytowej-i-plyt-kamiennych\/#breadcrumb\"},\"inLanguage\":\"pl-PL\",\"potentialAction\":[{\"@type\":\"ReadAction\",\"target\":[\"http:\/\/sbud.eu\/index.php\/uslugi\/tarasy-z-deski-kompozytowej-i-plyt-kamiennych\/\"]}]},{\"@type\":\"BreadcrumbList\",\"@id\":\"http:\/\/sbud.eu\/index.php\/uslugi\/tarasy-z-deski-kompozytowej-i-plyt-kamiennych\/#breadcrumb\",\"itemListElement\":[{\"@type\":\"ListItem\",\"position\":1,\"name\":\"Strona g\u0142\u00f3wna\",\"item\":\"http:\/\/sbud.eu\/\"},{\"@type\":\"ListItem\",\"position\":2,\"name\":\"US\u0141UGI\",\"item\":\"http:\/\/sbud.eu\/index.php\/uslugi\/\"},{\"@type\":\"ListItem\",\"position\":3,\"name\":\"Tarasy z deski kompozytowej i p\u0142yt kamiennych\"}]},{\"@type\":\"WebSite\",\"@id\":\"http:\/\/sbud.eu\/#website\",\"url\":\"http:\/\/sbud.eu\/\",\"name\":\"S-BUD - Pozna\u0144\",\"description\":\"us\u0142ugi kamieniarskie Pozna\u0144, izolacje taras\u00f3w i schod\u00f3w Pozna\u0144, renowacje posadzek i blat\u00f3w.\",\"potentialAction\":[{\"@type\":\"SearchAction\",\"target\":{\"@type\":\"EntryPoint\",\"urlTemplate\":\"http:\/\/sbud.eu\/?s={search_term_string}\"},\"query-input\":{\"@type\":\"PropertyValueSpecification\",\"valueRequired\":true,\"valueName\":\"search_term_string\"}}],\"inLanguage\":\"pl-PL\"}]}<\/script>\n<!-- \/ Yoast SEO plugin. -->","yoast_head_json":{"title":"Tarasy z deski kompozytowej i p\u0142yt kamiennych - S-BUD - Pozna\u0144","robots":{"index":"index","follow":"follow","max-snippet":"max-snippet:-1","max-image-preview":"max-image-preview:large","max-video-preview":"max-video-preview:-1"},"canonical":"http:\/\/sbud.eu\/index.php\/uslugi\/tarasy-z-deski-kompozytowej-i-plyt-kamiennych\/","og_locale":"pl_PL","og_type":"article","og_title":"Tarasy z deski kompozytowej i p\u0142yt kamiennych - S-BUD - Pozna\u0144","og_description":"[vc_row row_type=&#8221;row&#8221; use_row_as_full_screen_section=&#8221;no&#8221; type=&#8221;grid&#8221; text_align=&#8221;left&#8221; background_animation=&#8221;none&#8221; css_animation=&#8221;&#8221; css=&#8221;.vc_custom_1607692040847{padding-top: 50px !important;padding-bottom: 50px !important;}&#8221;][vc_column][vc_column_text]WSPORNIKI REGULOWANE Wsporniki regulowane to innowacyjny system poziomowania taras\u00f3w. Wsporniki to naj\u0142atwiejszy spos\u00f3b do wyr\u00f3wnania uskok\u00f3w pod\u0142o\u017ca. Zakres regulacji wspornik\u00f3w regulowanych to od 25 mm do 260 mm. Dodatkowo nasze wsporniki regulowane dost\u0119pne s\u0105...","og_url":"http:\/\/sbud.eu\/index.php\/uslugi\/tarasy-z-deski-kompozytowej-i-plyt-kamiennych\/","og_site_name":"S-BUD - Pozna\u0144","article_modified_time":"2020-12-12T19:42:13+00:00","twitter_card":"summary_large_image","twitter_misc":{"Szacowany czas czytania":"2 minuty"},"schema":{"@context":"https:\/\/schema.org","@graph":[{"@type":"WebPage","@id":"http:\/\/sbud.eu\/index.php\/uslugi\/tarasy-z-deski-kompozytowej-i-plyt-kamiennych\/","url":"http:\/\/sbud.eu\/index.php\/uslugi\/tarasy-z-deski-kompozytowej-i-plyt-kamiennych\/","name":"Tarasy z deski kompozytowej i p\u0142yt kamiennych - S-BUD - Pozna\u0144","isPartOf":{"@id":"http:\/\/sbud.eu\/#website"},"datePublished":"2020-12-11T12:33:51+00:00","dateModified":"2020-12-12T19:42:13+00:00","breadcrumb":{"@id":"http:\/\/sbud.eu\/index.php\/uslugi\/tarasy-z-deski-kompozytowej-i-plyt-kamiennych\/#breadcrumb"},"inLanguage":"pl-PL","potentialAction":[{"@type":"ReadAction","target":["http:\/\/sbud.eu\/index.php\/uslugi\/tarasy-z-deski-kompozytowej-i-plyt-kamiennych\/"]}]},{"@type":"BreadcrumbList","@id":"http:\/\/sbud.eu\/index.php\/uslugi\/tarasy-z-deski-kompozytowej-i-plyt-kamiennych\/#breadcrumb","itemListElement":[{"@type":"ListItem","position":1,"name":"Strona g\u0142\u00f3wna","item":"http:\/\/sbud.eu\/"},{"@type":"ListItem","position":2,"name":"US\u0141UGI","item":"http:\/\/sbud.eu\/index.php\/uslugi\/"},{"@type":"ListItem","position":3,"name":"Tarasy z deski kompozytowej i p\u0142yt kamiennych"}]},{"@type":"WebSite","@id":"http:\/\/sbud.eu\/#website","url":"http:\/\/sbud.eu\/","name":"S-BUD - Pozna\u0144","description":"us\u0142ugi kamieniarskie Pozna\u0144, izolacje taras\u00f3w i schod\u00f3w Pozna\u0144, renowacje posadzek i blat\u00f3w.","potentialAction":[{"@type":"SearchAction","target":{"@type":"EntryPoint","urlTemplate":"http:\/\/sbud.eu\/?s={search_term_string}"},"query-input":{"@type":"PropertyValueSpecification","valueRequired":true,"valueName":"search_term_string"}}],"inLanguage":"pl-PL"}]}},"jetpack_sharing_enabled":true,"jetpack_shortlink":"https:\/\/wp.me\/Pal1uj-o0","_links":{"self":[{"href":"http:\/\/sbud.eu\/index.php\/wp-json\/wp\/v2\/pages\/1488"}],"collection":[{"href":"http:\/\/sbud.eu\/index.php\/wp-json\/wp\/v2\/pages"}],"about":[{"href":"http:\/\/sbud.eu\/index.php\/wp-json\/wp\/v2\/types\/page"}],"author":[{"embeddable":true,"href":"http:\/\/sbud.eu\/index.php\/wp-json\/wp\/v2\/users\/1"}],"replies":[{"embeddable":true,"href":"http:\/\/sbud.eu\/index.php\/wp-json\/wp\/v2\/comments?post=1488"}],"version-history":[{"count":6,"href":"http:\/\/sbud.eu\/index.php\/wp-json\/wp\/v2\/pages\/1488\/revisions"}],"predecessor-version":[{"id":1517,"href":"http:\/\/sbud.eu\/index.php\/wp-json\/wp\/v2\/pages\/1488\/revisions\/1517"}],"up":[{"embeddable":true,"href":"http:\/\/sbud.eu\/index.php\/wp-json\/wp\/v2\/pages\/57"}],"wp:attachment":[{"href":"http:\/\/sbud.eu\/index.php\/wp-json\/wp\/v2\/media?parent=1488"}],"curies":[{"name":"wp","href":"https:\/\/api.w.org\/{rel}","templated":true}]}}